{"id":2758,"date":"2026-03-22T11:20:55","date_gmt":"2026-03-22T11:20:55","guid":{"rendered":"https:\/\/shivasex.site.geonovation.tech\/?product=stimul8-s8-extreme-glide-silicone-250-ml"},"modified":"2026-03-22T11:20:55","modified_gmt":"2026-03-22T11:20:55","slug":"stimul8-s8-extreme-glide-silicone-250-ml","status":"publish","type":"product","link":"https:\/\/shibasex.com\/?product=stimul8-s8-extreme-glide-silicone-250-ml","title":{"rendered":"STIMUL8 &#8211; S8 EXTREME GLIDE SILICONE 250 ML"},"content":{"rendered":"<p>S8 Extreme Glide &#8211; il massimo dei lubrificanti a base di silicone, progettato per migliorare le tue esperienze intime. Questo lubrificante di alta qualit\u00e0 \u00e8 meticolosamente formulato per offrire rilassamento, ritardo e desensibilizzazione, garantendo una penetrazione indolore e un piacere intenso grazie all&#39;ingrediente chiave LAURETH-9. Di&#39; addio al fastidio e abbraccia un nuovo mondo di piacere.<\/p>\n<p> S8 Extreme Glide \u00e8 compatibile con i preservativi, il che lo rende una scelta affidabile per un&#39;intimit\u00e0 protetta. La sua formula a lunga durata garantisce un piacere ininterrotto, eliminando la necessit\u00e0 di frequenti applicazioni e permettendoti di immergerti completamente nel momento. S8 Extreme Glide \u00e8 privo di oli e grassi, riducendo cos\u00ec qualsiasi potenziale disordine o residuo. Per prestazioni ottimali, \u00e8 sufficiente agitare il flacone prima dell&#39;uso per distribuire uniformemente il lubrificante.<\/p>\n<p> <u><em><strong>Ingredienti<\/strong><\/em><\/u><\/p>\n<p> DIMETICONE, DIMETICONE, CICLOMETICONE, LAURETH-9<\/p>\n<p> Questa linea di prodotti essenziali per l&#39;igiene intima S8 combina formule di alta qualit\u00e0 a un prezzo accessibile a tutti, rendendola una scelta con un ottimo rapporto qualit\u00e0-prezzo per il benessere erotico. S8 \u00e8 progettata per aumentare il piacere e migliorare l&#39;intimit\u00e0 in modo naturale e sicuro per il corpo. La collezione S8 offre prodotti per ogni gusto. Dai lubrificanti a base d&#39;acqua, a base di silicone, aromatizzati e ibridi, ai detergenti per sex toys e ai gel eccitanti: S8 ha tutto. Il fascino dei prodotti da farmacia S8 \u00e8 il pi\u00f9 &quot;naturale&quot; possibile, imitando la lubrificazione naturale e mantenendo le formule prive di sostanze chimiche non necessarie. I prodotti non contengono conservanti aggressivi e sono privi di parabeni, ftalati e glutine, tutti chiaramente indicati sulla confezione trasparente dei lubrificanti. S8 aderisce a tutti gli standard e le normative europee per i prodotti per l&#39;igiene intima e offre un&#39;esperienza affidabile, sicura per il corpo e appagante per tutti gli amanti del piacere intimo.<\/p>\n","protected":false},"excerpt":{"rendered":"<p>S8 Extreme Glide &#8211; il massimo dei lubrificanti a base di silicone, progettato per migliorare le tue esperienze intime. Questo lubrificante di alta qualit\u00e0 \u00e8 meticolosamente formulato per offrire rilassamento, ritardo e desensibilizzazione, garantendo una penetrazione indolore e un piacere intenso grazie all&#39;ingrediente chiave LAURETH-9. Di&#39; addio al fastidio e abbraccia un nuovo mondo di [&hellip;]<\/p>\n","protected":false},"featured_media":2757,"comment_status":"open","ping_status":"closed","template":"","meta":[],"product_brand":[],"product_cat":[89],"product_tag":[],"class_list":{"0":"post-2758","1":"product","2":"type-product","3":"status-publish","4":"has-post-thumbnail","6":"product_cat-a-base-di-silicone","8":"first","9":"instock","10":"shipping-taxable","11":"purchasable","12":"product-type-simple"},"_cost_price":"","_links":{"self":[{"href":"https:\/\/shibasex.com\/index.php?rest_route=\/wp\/v2\/product\/2758","targetHints":{"allow":["GET"]}}],"collection":[{"href":"https:\/\/shibasex.com\/index.php?rest_route=\/wp\/v2\/product"}],"about":[{"href":"https:\/\/shibasex.com\/index.php?rest_route=\/wp\/v2\/types\/product"}],"replies":[{"embeddable":true,"href":"https:\/\/shibasex.com\/index.php?rest_route=%2Fwp%2Fv2%2Fcomments&post=2758"}],"wp:featuredmedia":[{"embeddable":true,"href":"https:\/\/shibasex.com\/index.php?rest_route=\/wp\/v2\/media\/2757"}],"wp:attachment":[{"href":"https:\/\/shibasex.com\/index.php?rest_route=%2Fwp%2Fv2%2Fmedia&parent=2758"}],"wp:term":[{"taxonomy":"product_brand","embeddable":true,"href":"https:\/\/shibasex.com\/index.php?rest_route=%2Fwp%2Fv2%2Fproduct_brand&post=2758"},{"taxonomy":"product_cat","embeddable":true,"href":"https:\/\/shibasex.com\/index.php?rest_route=%2Fwp%2Fv2%2Fproduct_cat&post=2758"},{"taxonomy":"product_tag","embeddable":true,"href":"https:\/\/shibasex.com\/index.php?rest_route=%2Fwp%2Fv2%2Fproduct_tag&post=2758"}],"curies":[{"name":"wp","href":"https:\/\/api.w.org\/{rel}","templated":true}]}}