{"id":2651,"date":"2026-03-22T11:19:33","date_gmt":"2026-03-22T11:19:33","guid":{"rendered":"https:\/\/shivasex.site.geonovation.tech\/?product=stimul8-s8-spray-per-pompe-gola-profonda-30-ml"},"modified":"2026-03-22T11:19:33","modified_gmt":"2026-03-22T11:19:33","slug":"stimul8-s8-spray-per-pompe-gola-profonda-30-ml","status":"publish","type":"product","link":"https:\/\/shibasex.com\/?product=stimul8-s8-spray-per-pompe-gola-profonda-30-ml","title":{"rendered":"STIMUL8 &#8211; S8 SPRAY PER POMPE GOLA PROFONDA 30 ML"},"content":{"rendered":"<p>S8 Deep Throat Spray \u00e8 un innovativo spray a base d&#39;acqua con un rinfrescante aroma di menta. Questo spray appositamente formulato \u00e8 progettato per migliorare le tue esperienze orali desensibilizzando la gola per un pompino pi\u00f9 profondo e appagante. L&#39;ingrediente chiave \u00e8 il Laureth-9, che intorpidisce delicatamente la gola, offrendo un maggiore comfort durante la stimolazione orale. Con questo spray, puoi esplorare nuove profondit\u00e0 di piacere e portare i tuoi momenti intimi a nuove vette di eccitazione.<\/p>\n<p> Usare lo Spray Gola Profonda S8 \u00e8 semplice. Basta applicare da 1 a 3 spruzzi direttamente in gola e lasciare che lo spray faccia effetto. Evitare il contatto con gli occhi. Non spruzzare vicino a ferite aperte. Lasciati conquistare dal delizioso sapore di menta dello Spray Gola Profonda S8 e vivi un&#39;esperienza orale pi\u00f9 appagante e piacevole.<\/p>\n<p> <u><em><strong>Ingredienti<\/strong><\/em><\/u><\/p>\n<p> ACQUA, GLICERINA, LAURETH-9, PEG-6 GLICERIDI CAPRILICO\/CAPRICO, LATTATO DI METILE, ACIDO LATTICO, EUGENIA CARYOPHYLUS, BENZOATO DI SODIO, SORBATO DI PATASSI, EUGENOLO<\/p>\n<p> Questa linea di prodotti essenziali per l&#39;igiene intima S8 combina formule di alta qualit\u00e0 a un prezzo accessibile a tutti, rendendola una scelta con un ottimo rapporto qualit\u00e0-prezzo per il benessere erotico. S8 \u00e8 progettata per aumentare il piacere e migliorare l&#39;intimit\u00e0 in modo naturale e sicuro per il corpo. La collezione S8 offre prodotti per ogni gusto. Dai lubrificanti a base d&#39;acqua, a base di silicone, aromatizzati e ibridi, ai detergenti per sex toys e ai gel eccitanti: S8 ha tutto. Il fascino dei prodotti da farmacia S8 \u00e8 il pi\u00f9 &quot;naturale&quot; possibile, imitando la lubrificazione naturale e mantenendo le formule prive di sostanze chimiche non necessarie. I prodotti non contengono conservanti aggressivi e sono privi di parabeni, ftalati e glutine, tutti chiaramente indicati sulla confezione trasparente dei lubrificanti. S8 aderisce a tutti gli standard e le normative europee per i prodotti per l&#39;igiene intima e offre un&#39;esperienza affidabile, sicura per il corpo e appagante per tutti gli amanti del piacere intimo.<\/p>\n","protected":false},"excerpt":{"rendered":"<p>S8 Deep Throat Spray \u00e8 un innovativo spray a base d&#39;acqua con un rinfrescante aroma di menta. Questo spray appositamente formulato \u00e8 progettato per migliorare le tue esperienze orali desensibilizzando la gola per un pompino pi\u00f9 profondo e appagante. L&#39;ingrediente chiave \u00e8 il Laureth-9, che intorpidisce delicatamente la gola, offrendo un maggiore comfort durante la [&hellip;]<\/p>\n","protected":false},"featured_media":2650,"comment_status":"open","ping_status":"closed","template":"","meta":[],"product_brand":[],"product_cat":[88],"product_tag":[],"class_list":{"0":"post-2651","1":"product","2":"type-product","3":"status-publish","4":"has-post-thumbnail","6":"product_cat-a-base-dacqua","8":"first","9":"instock","10":"shipping-taxable","11":"purchasable","12":"product-type-simple"},"_cost_price":"","_links":{"self":[{"href":"https:\/\/shibasex.com\/index.php?rest_route=\/wp\/v2\/product\/2651","targetHints":{"allow":["GET"]}}],"collection":[{"href":"https:\/\/shibasex.com\/index.php?rest_route=\/wp\/v2\/product"}],"about":[{"href":"https:\/\/shibasex.com\/index.php?rest_route=\/wp\/v2\/types\/product"}],"replies":[{"embeddable":true,"href":"https:\/\/shibasex.com\/index.php?rest_route=%2Fwp%2Fv2%2Fcomments&post=2651"}],"wp:featuredmedia":[{"embeddable":true,"href":"https:\/\/shibasex.com\/index.php?rest_route=\/wp\/v2\/media\/2650"}],"wp:attachment":[{"href":"https:\/\/shibasex.com\/index.php?rest_route=%2Fwp%2Fv2%2Fmedia&parent=2651"}],"wp:term":[{"taxonomy":"product_brand","embeddable":true,"href":"https:\/\/shibasex.com\/index.php?rest_route=%2Fwp%2Fv2%2Fproduct_brand&post=2651"},{"taxonomy":"product_cat","embeddable":true,"href":"https:\/\/shibasex.com\/index.php?rest_route=%2Fwp%2Fv2%2Fproduct_cat&post=2651"},{"taxonomy":"product_tag","embeddable":true,"href":"https:\/\/shibasex.com\/index.php?rest_route=%2Fwp%2Fv2%2Fproduct_tag&post=2651"}],"curies":[{"name":"wp","href":"https:\/\/api.w.org\/{rel}","templated":true}]}}