{"id":2635,"date":"2026-03-22T11:19:24","date_gmt":"2026-03-22T11:19:24","guid":{"rendered":"https:\/\/shivasex.site.geonovation.tech\/?product=bijoux-lubrificante-personale-a-base-dacqua-500-ml"},"modified":"2026-03-22T11:19:24","modified_gmt":"2026-03-22T11:19:24","slug":"bijoux-lubrificante-personale-a-base-dacqua-500-ml","status":"publish","type":"product","link":"https:\/\/shibasex.com\/?product=bijoux-lubrificante-personale-a-base-dacqua-500-ml","title":{"rendered":"BIJOUX &#8211; LUBRIFICANTE PERSONALE A BASE D&#8217;ACQUA 500 ML"},"content":{"rendered":"<p><u><strong><span style=\"font-size: 13px;\">LUBRIFICANTE INTIMO A BASE D&#39;ACQUA<\/span><\/strong><\/u><\/p>\n<p> Questo lubrificante personale favorisce la lubrificazione naturale e supporta un microbioma sano.<\/p>\n<p> Questa formula mantiene i tessuti idratati e morbidi, migliorando l&#39;idratazione e l&#39;elasticit\u00e0 per il massimo comfort.<\/p>\n<p> Goditi un piacere senza limiti!<\/p>\n<p> <strong>I punti salienti della nostra formula:<\/strong><\/p>\n<ul>\n<li> A BASE D&#39;ACQUA, la soluzione pi\u00f9 vicina alla lubrificazione naturale.<\/li>\n<li> FAVORISCE UN MICROBIOMA SANO, poich\u00e9 un microbioma equilibrato aiuta a prevenire le infezioni batteriche e fungine.<\/li>\n<li> BASSA OSMOLALIT\u00c0 380 mOsm\/kg, corrispondente all&#39;osmolalit\u00e0 dei fluidi vaginali (370 \u00b1 40 mOsm\/kg).<\/li>\n<li> SENZA GLICERINA E PARABENI, per mantenere l&#39;equilibrio della flora vaginale.<\/li>\n<li> SENZA PROFUMI O COLORANTI, per ridurre al minimo il rischio di allergie.<\/li>\n<li> pH ACIDO, identico al pH della vagina: 4,5.<\/li>\n<li> VEGANO, perch\u00e9 crediamo in un mondo in cui gli animali non vengono sfruttati n\u00e9 utilizzati come ingredienti.<\/li>\n<\/ul>\n<p> Oltre ai numerosi fattori che possono contribuire alla mancanza di lubrificazione (ad esempio, la dieta e il livello di stress), i lubrificanti non sono un&#39;esclusiva delle persone con vulva.<\/p>\n<p> Sono gli alleati perfetti per il gioco in solitaria, indipendentemente dai genitali. Si abbinano perfettamente al tuo giocattolo preferito e, soprattutto, ci accompagnano anche quando abbiamo bisogno di lubrificare zone del corpo che non si lubrificano naturalmente, rendendole sicure, indolori e divertenti.<br \/> Un lubrificante non \u00e8 solo una soluzione ai problemi, ma \u00e8 essenziale per il piacere sessuale.<\/p>\n<p> <strong>COME?<\/strong><br \/> Scegliendo un lubrificante a base d&#39;acqua di grado medico, formulato con ingredienti di alta qualit\u00e0 da combinare con la tua lubrificazione naturale, senza profumi, coloranti o zuccheri aggiunti.<\/p>\n<p> <strong>PERCH\u00c9?<\/strong><\/p>\n<ul>\n<li> A BASE D&#39;ACQUA, la cosa pi\u00f9 vicina alla lubrificazione naturale.<\/li>\n<li> PROMUOVE UN MICROBIOMA SANO, perch\u00e9 un microbioma sano previene le infezioni causate da batteri e funghi.<\/li>\n<li> BASSA OSMOLALIT\u00c0* 380 MOSM\/KG, perch\u00e9 l&#39;osmolalit\u00e0 dei fluidi vaginali \u00e8 370 \u00b1 40 mOsm\/kg.<\/li>\n<li> SENZA GLICERINA O PARABENI, per mantenere l&#39;equilibrio della flora vaginale.<\/li>\n<li> SENZA PROFUMI O COLORANTI, per evitare allergie.<\/li>\n<li> PH ACIDO, uguale al pH della vagina: 4,5. Un pH acido.<\/li>\n<li> VEGANO, perch\u00e9 crediamo in un mondo in cui gli animali non vengono testati e non vengono utilizzati come ingredienti.<\/li>\n<\/ul>\n","protected":false},"excerpt":{"rendered":"<p>LUBRIFICANTE INTIMO A BASE D&#39;ACQUA Questo lubrificante personale favorisce la lubrificazione naturale e supporta un microbioma sano. Questa formula mantiene i tessuti idratati e morbidi, migliorando l&#39;idratazione e l&#39;elasticit\u00e0 per il massimo comfort. Goditi un piacere senza limiti! I punti salienti della nostra formula: A BASE D&#39;ACQUA, la soluzione pi\u00f9 vicina alla lubrificazione naturale. FAVORISCE [&hellip;]<\/p>\n","protected":false},"featured_media":2634,"comment_status":"open","ping_status":"closed","template":"","meta":[],"product_brand":[],"product_cat":[87],"product_tag":[],"class_list":{"0":"post-2635","1":"product","2":"type-product","3":"status-publish","4":"has-post-thumbnail","6":"product_cat-lubrificanti","8":"first","9":"instock","10":"shipping-taxable","11":"purchasable","12":"product-type-simple"},"_cost_price":"","_links":{"self":[{"href":"https:\/\/shibasex.com\/index.php?rest_route=\/wp\/v2\/product\/2635","targetHints":{"allow":["GET"]}}],"collection":[{"href":"https:\/\/shibasex.com\/index.php?rest_route=\/wp\/v2\/product"}],"about":[{"href":"https:\/\/shibasex.com\/index.php?rest_route=\/wp\/v2\/types\/product"}],"replies":[{"embeddable":true,"href":"https:\/\/shibasex.com\/index.php?rest_route=%2Fwp%2Fv2%2Fcomments&post=2635"}],"wp:featuredmedia":[{"embeddable":true,"href":"https:\/\/shibasex.com\/index.php?rest_route=\/wp\/v2\/media\/2634"}],"wp:attachment":[{"href":"https:\/\/shibasex.com\/index.php?rest_route=%2Fwp%2Fv2%2Fmedia&parent=2635"}],"wp:term":[{"taxonomy":"product_brand","embeddable":true,"href":"https:\/\/shibasex.com\/index.php?rest_route=%2Fwp%2Fv2%2Fproduct_brand&post=2635"},{"taxonomy":"product_cat","embeddable":true,"href":"https:\/\/shibasex.com\/index.php?rest_route=%2Fwp%2Fv2%2Fproduct_cat&post=2635"},{"taxonomy":"product_tag","embeddable":true,"href":"https:\/\/shibasex.com\/index.php?rest_route=%2Fwp%2Fv2%2Fproduct_tag&post=2635"}],"curies":[{"name":"wp","href":"https:\/\/api.w.org\/{rel}","templated":true}]}}