{"id":2627,"date":"2026-03-22T11:19:19","date_gmt":"2026-03-22T11:19:19","guid":{"rendered":"https:\/\/shivasex.site.geonovation.tech\/?product=mister-size-lubrificante-premium-100-ml"},"modified":"2026-03-22T11:19:21","modified_gmt":"2026-03-22T11:19:21","slug":"mister-size-lubrificante-premium-100-ml","status":"publish","type":"product","link":"https:\/\/shibasex.com\/?product=mister-size-lubrificante-premium-100-ml","title":{"rendered":"MISTER SIZE &#8211; LUBRIFICANTE PREMIUM 100 ML"},"content":{"rendered":"<p>Lubrificante MISTER SIZE Scoprilo subito: il lubrificante a base d&#39;acqua Mister Size \u00e8 la soluzione perfetta per il preservativo, proprio come il preservativo lo \u00e8 per te.<\/p>\n<p> <u><strong>Punti salienti:<\/strong><\/u><\/p>\n<ul>\n<li> Formula a base d&#39;acqua<\/li>\n<li> Lubrificazione di lunga durata<\/li>\n<\/ul>\n<p> <u><strong>Perch\u00e9 usare il lubrificante?<\/strong><\/u><br \/> Perch\u00e9 \u00e8 divertente L&#39;auto funziona meglio quando \u00e8 appena oliata. Lo stesso vale per il lubrificante nel letto! Ogni movimento diventa<br \/> un&#39;esperienza setosa ed eccitante. Convinciti dell&#39;effetto duraturo del lubrificante MISTER SIZE e goditi infinite ore di passione.<br \/> Grazie alla sua formula a base d&#39;acqua, il lubrificante \u00e8 adatto anche alle pelli sensibili e pu\u00f2 essere semplicemente risciacquato con acqua normale dopo l&#39;uso.<br \/> Il gel lubrificante MISTER SIZE contiene solo ingredienti di alta qualit\u00e0 per una compatibilit\u00e0 cutanea ottimale. Il gel lubrificante MISTER SIZE \u00e8 dermatologicamente testato, privo di grassi, incolore, inodore e insapore.<\/p>\n<p> Gel lubrificante MISTER SIZE \u00c8 un prodotto versatile che pu\u00f2 essere utilizzato con toys e preservativi e non lascia macchie permanenti sui tessuti.<\/p>\n<p> Il tubetto da 100 ml ha la dimensione perfetta per un uso occasionale o regolare ed \u00e8 visivamente convincente grazie al suo design moderno della confezione. Proprio come le creme per le mani, il coperchio pu\u00f2 essere aperto in un batter d&#39;occhio tramite la chiusura flip-top, nel caso in cui si abbia bisogno di una rapida ricarica &quot;nel frattempo&quot;.<br \/> La consistenza cristallina si stende facilmente sulle zone desiderate e garantisce un&#39;idratazione intensa, per la migliore esperienza sensoriale possibile.<\/p>\n<p> <strong>Applicazione e archiviazione<\/strong><br \/> Basta applicare una piccola quantit\u00e0 di gel lubrificante MISTER SIZE sulla parte del corpo desiderata e immergersi nella fantastica avventura dell&#39;umidit\u00e0. Ripetere l&#39;operazione se necessario. Tenere fuori dalla portata dei bambini. Si consiglia di conservarlo in un luogo fresco e buio.<\/p>\n<p> <strong>Elenco completo degli ingredienti:<\/strong><br \/> Acqua, Glicerina, Idrossietilcellulosa, Acido citrico, Benzoato di sodio, Sorbato di potassio, Glicole pentilenico, Sorbitolo, Lattato di sodio, Urea, Acido lattico, Serina, Idrossido di sodio, Cloruro di sodio, Allantoina<\/p>\n","protected":false},"excerpt":{"rendered":"<p>Lubrificante MISTER SIZE Scoprilo subito: il lubrificante a base d&#39;acqua Mister Size \u00e8 la soluzione perfetta per il preservativo, proprio come il preservativo lo \u00e8 per te. Punti salienti: Formula a base d&#39;acqua Lubrificazione di lunga durata Perch\u00e9 usare il lubrificante? Perch\u00e9 \u00e8 divertente L&#39;auto funziona meglio quando \u00e8 appena oliata. Lo stesso vale per [&hellip;]<\/p>\n","protected":false},"featured_media":2626,"comment_status":"open","ping_status":"closed","template":"","meta":[],"product_brand":[],"product_cat":[88],"product_tag":[],"class_list":{"0":"post-2627","1":"product","2":"type-product","3":"status-publish","4":"has-post-thumbnail","6":"product_cat-a-base-dacqua","8":"first","9":"instock","10":"shipping-taxable","11":"purchasable","12":"product-type-simple"},"_cost_price":"","_links":{"self":[{"href":"https:\/\/shibasex.com\/index.php?rest_route=\/wp\/v2\/product\/2627","targetHints":{"allow":["GET"]}}],"collection":[{"href":"https:\/\/shibasex.com\/index.php?rest_route=\/wp\/v2\/product"}],"about":[{"href":"https:\/\/shibasex.com\/index.php?rest_route=\/wp\/v2\/types\/product"}],"replies":[{"embeddable":true,"href":"https:\/\/shibasex.com\/index.php?rest_route=%2Fwp%2Fv2%2Fcomments&post=2627"}],"wp:featuredmedia":[{"embeddable":true,"href":"https:\/\/shibasex.com\/index.php?rest_route=\/wp\/v2\/media\/2626"}],"wp:attachment":[{"href":"https:\/\/shibasex.com\/index.php?rest_route=%2Fwp%2Fv2%2Fmedia&parent=2627"}],"wp:term":[{"taxonomy":"product_brand","embeddable":true,"href":"https:\/\/shibasex.com\/index.php?rest_route=%2Fwp%2Fv2%2Fproduct_brand&post=2627"},{"taxonomy":"product_cat","embeddable":true,"href":"https:\/\/shibasex.com\/index.php?rest_route=%2Fwp%2Fv2%2Fproduct_cat&post=2627"},{"taxonomy":"product_tag","embeddable":true,"href":"https:\/\/shibasex.com\/index.php?rest_route=%2Fwp%2Fv2%2Fproduct_tag&post=2627"}],"curies":[{"name":"wp","href":"https:\/\/api.w.org\/{rel}","templated":true}]}}