{"id":2515,"date":"2026-03-22T11:17:30","date_gmt":"2026-03-22T11:17:30","guid":{"rendered":"https:\/\/shivasex.site.geonovation.tech\/?product=toyjoy-felicita-knock-knock-eggstavagant-vibratore-telecomando-viola"},"modified":"2026-03-22T11:17:38","modified_gmt":"2026-03-22T11:17:38","slug":"toyjoy-felicita-knock-knock-eggstavagant-vibratore-telecomando-viola","status":"publish","type":"product","link":"https:\/\/shibasex.com\/?product=toyjoy-felicita-knock-knock-eggstavagant-vibratore-telecomando-viola","title":{"rendered":"TOYJOY &#8211; FELICIT\u00c0 KNOCK KNOCK EGGSTAVAGANT VIBRATORE TELECOMANDO VIOLA"},"content":{"rendered":"<p>Pronti per un piacere uovo-eccellente? Il Knock Knock Eggstavagant delizier\u00e0 le vostre zone erogene con la sua potente vibrazione e le sue curve eleganti. Questo uovo dell&#39;amore di alta qualit\u00e0 offre 8 modalit\u00e0 di stimolazione e pulsazione, con un semplice controllo a pulsante. Questa bellezza \u00e8 realizzata in silicone morbido e sicuro per il corpo ed \u00e8 dotata di un telecomando per un divertimento a mani libere. Lasciatevi coccolare dalla squisita soddisfazione uovo-squisita di questo design premium!<\/p>\n<p> <u><em><strong>Specifiche<\/strong><\/em><\/u><\/p>\n<ul>\n<li> Dimensioni del prodotto 8,9 x 3,3 cm<\/li>\n<li> Lunghezza totale 8,9 cm<\/li>\n<li> Lunghezza inseribile 8,9 cm<\/li>\n<li> Diametro inseribile 3,3 cm<\/li>\n<li> Materiale Silicone | Plastica ABS<\/li>\n<li> Ricaricabile S\u00ec<\/li>\n<li> Durata in minuti 60<\/li>\n<li> Tempo di ricarica in minuti 60<\/li>\n<li> Resistenza all&#39;acqua Impermeabile<\/li>\n<li> Modalit\u00e0 di vibrazione 8<\/li>\n<li> Batteria inclusa S\u00ec<\/li>\n<li> Quantit\u00e0 di batterie 1<\/li>\n<li> Tipo di batteria: agli ioni di litio, CR2032<\/li>\n<\/ul>\n<p> ToyJoy \u00e8 un marchio dinamico e innovativo nel mondo dei prodotti per il gioco e l&#39;intimit\u00e0. Noto per la sua gamma diversificata e di alta qualit\u00e0, ToyJoy offre un&#39;ampia gamma di articoli che soddisfano gusti e preferenze diversi. Il marchio si concentra sulla creazione di prodotti divertenti, sicuri e facili da usare, garantendone l&#39;accessibilit\u00e0 e il piacere per tutti. Con un&#39;attenzione particolare al design, alla funzionalit\u00e0 e all&#39;utilizzo di materiali sicuri per il corpo, ToyJoy integra le tecnologie pi\u00f9 recenti nelle sue offerte, rendendole le preferite dai consumatori che desiderano aggiungere un tocco di gioia ed entusiasmo alla propria vita personale. ToyJoy si distingue per il suo impegno per la soddisfazione del cliente, l&#39;eccellenza dei prodotti e la sicurezza.<\/p>\n","protected":false},"excerpt":{"rendered":"<p>Pronti per un piacere uovo-eccellente? Il Knock Knock Eggstavagant delizier\u00e0 le vostre zone erogene con la sua potente vibrazione e le sue curve eleganti. Questo uovo dell&#39;amore di alta qualit\u00e0 offre 8 modalit\u00e0 di stimolazione e pulsazione, con un semplice controllo a pulsante. Questa bellezza \u00e8 realizzata in silicone morbido e sicuro per il corpo [&hellip;]<\/p>\n","protected":false},"featured_media":2514,"comment_status":"open","ping_status":"closed","template":"","meta":[],"product_brand":[],"product_cat":[79],"product_tag":[],"class_list":{"0":"post-2515","1":"product","2":"type-product","3":"status-publish","4":"has-post-thumbnail","6":"product_cat-telecomandati","8":"first","9":"instock","10":"shipping-taxable","11":"purchasable","12":"product-type-simple"},"_cost_price":"","_links":{"self":[{"href":"https:\/\/shibasex.com\/index.php?rest_route=\/wp\/v2\/product\/2515","targetHints":{"allow":["GET"]}}],"collection":[{"href":"https:\/\/shibasex.com\/index.php?rest_route=\/wp\/v2\/product"}],"about":[{"href":"https:\/\/shibasex.com\/index.php?rest_route=\/wp\/v2\/types\/product"}],"replies":[{"embeddable":true,"href":"https:\/\/shibasex.com\/index.php?rest_route=%2Fwp%2Fv2%2Fcomments&post=2515"}],"wp:featuredmedia":[{"embeddable":true,"href":"https:\/\/shibasex.com\/index.php?rest_route=\/wp\/v2\/media\/2514"}],"wp:attachment":[{"href":"https:\/\/shibasex.com\/index.php?rest_route=%2Fwp%2Fv2%2Fmedia&parent=2515"}],"wp:term":[{"taxonomy":"product_brand","embeddable":true,"href":"https:\/\/shibasex.com\/index.php?rest_route=%2Fwp%2Fv2%2Fproduct_brand&post=2515"},{"taxonomy":"product_cat","embeddable":true,"href":"https:\/\/shibasex.com\/index.php?rest_route=%2Fwp%2Fv2%2Fproduct_cat&post=2515"},{"taxonomy":"product_tag","embeddable":true,"href":"https:\/\/shibasex.com\/index.php?rest_route=%2Fwp%2Fv2%2Fproduct_tag&post=2515"}],"curies":[{"name":"wp","href":"https:\/\/api.w.org\/{rel}","templated":true}]}}