{"id":2389,"date":"2026-03-22T11:15:45","date_gmt":"2026-03-22T11:15:45","guid":{"rendered":"https:\/\/shivasex.site.geonovation.tech\/?product=toyjoy-anal-play-curvy-companions-plug-anale-3-pezzi-nero"},"modified":"2026-03-22T11:15:47","modified_gmt":"2026-03-22T11:15:47","slug":"toyjoy-anal-play-curvy-companions-plug-anale-3-pezzi-nero","status":"publish","type":"product","link":"https:\/\/shibasex.com\/?product=toyjoy-anal-play-curvy-companions-plug-anale-3-pezzi-nero","title":{"rendered":"TOYJOY &#8211; ANAL PLAY CURVY COMPANIONS PLUG ANALE 3 PEZZI NERO"},"content":{"rendered":"<p>Il kit da 3 pezzi Curvy Companions \u00e8 un set appositamente progettato per portare i tuoi giochi intimi a un livello superiore, con stile, comfort e la dose perfetta di piacere. Questo trio di plug anali presenta un design curvo ed ergonomico che si adatta delicatamente al corpo, stimolando con precisione le zone pi\u00f9 sensibili. La sua silhouette aerodinamica non solo facilita l&#39;inserimento, ma intensifica anche ogni movimento, rendendo ogni momento un&#39;esperienza pi\u00f9 coinvolgente.<\/p>\n<p> Ogni plug \u00e8 realizzato in silicone setoso di grado medico, completamente sicuro per il corpo, ipoallergenico e facile da pulire. Le tre misure incluse nel kit consentono un percorso graduale e personalizzato, ideale per chi desidera sperimentare, dai principianti ai livelli pi\u00f9 avanzati. La sua ampia base garantisce un&#39;esperienza sicura e confortevole, sia da soli che in coppia.<\/p>\n<p> Compatto, elegante e funzionale, il kit da 3 pezzi Curvy Companions \u00e8 il partner perfetto per chi desidera scoprire o approfondire il piacere anale con sicurezza, delicatezza e un tocco di raffinatezza.<\/p>\n<p> <u><em><strong>Specifiche<\/strong><\/em><\/u><\/p>\n<ul>\n<li> Lunghezza totale S: 10 cm | M: 12,5 cm | L: 15 cm<\/li>\n<li> Lunghezza inseribile S: 8 cm | M: 10,5 cm | L: 13 cm<\/li>\n<li> Diametro inseribile S: 2 cm | M: 3 cm | 3,5 cm<\/li>\n<li> Materiale: silicone<\/li>\n<\/ul>\n<p> <strong>ToyJoy<\/strong> \u00e8 un marchio dinamico e innovativo nel mondo dei prodotti per il gioco e l&#39;intimit\u00e0. Noto per la sua gamma diversificata e di alta qualit\u00e0, <strong>ToyJoy<\/strong> offre un&#39;ampia gamma di articoli che soddisfano gusti e preferenze diversi. Il marchio si concentra sulla creazione di prodotti divertenti, sicuri e facili da usare, garantendone l&#39;accessibilit\u00e0 e il piacere per tutti. Con un&#39;attenzione particolare al design, alla funzionalit\u00e0 e all&#39;utilizzo di materiali sicuri per il corpo, <strong>ToyJoy<\/strong> integra le tecnologie pi\u00f9 recenti nelle sue offerte, rendendole le preferite dai consumatori che desiderano aggiungere un tocco di gioia ed entusiasmo alla propria vita personale. <strong>ToyJoy<\/strong> si distingue per il suo impegno per la soddisfazione del cliente, l&#39;eccellenza dei prodotti e la sicurezza.<\/p>\n","protected":false},"excerpt":{"rendered":"<p>Il kit da 3 pezzi Curvy Companions \u00e8 un set appositamente progettato per portare i tuoi giochi intimi a un livello superiore, con stile, comfort e la dose perfetta di piacere. Questo trio di plug anali presenta un design curvo ed ergonomico che si adatta delicatamente al corpo, stimolando con precisione le zone pi\u00f9 sensibili. [&hellip;]<\/p>\n","protected":false},"featured_media":2388,"comment_status":"open","ping_status":"closed","template":"","meta":[],"product_brand":[],"product_cat":[78],"product_tag":[],"class_list":{"0":"post-2389","1":"product","2":"type-product","3":"status-publish","4":"has-post-thumbnail","6":"product_cat-plug","8":"first","9":"instock","10":"shipping-taxable","11":"purchasable","12":"product-type-simple"},"_cost_price":"","_links":{"self":[{"href":"https:\/\/shibasex.com\/index.php?rest_route=\/wp\/v2\/product\/2389","targetHints":{"allow":["GET"]}}],"collection":[{"href":"https:\/\/shibasex.com\/index.php?rest_route=\/wp\/v2\/product"}],"about":[{"href":"https:\/\/shibasex.com\/index.php?rest_route=\/wp\/v2\/types\/product"}],"replies":[{"embeddable":true,"href":"https:\/\/shibasex.com\/index.php?rest_route=%2Fwp%2Fv2%2Fcomments&post=2389"}],"wp:featuredmedia":[{"embeddable":true,"href":"https:\/\/shibasex.com\/index.php?rest_route=\/wp\/v2\/media\/2388"}],"wp:attachment":[{"href":"https:\/\/shibasex.com\/index.php?rest_route=%2Fwp%2Fv2%2Fmedia&parent=2389"}],"wp:term":[{"taxonomy":"product_brand","embeddable":true,"href":"https:\/\/shibasex.com\/index.php?rest_route=%2Fwp%2Fv2%2Fproduct_brand&post=2389"},{"taxonomy":"product_cat","embeddable":true,"href":"https:\/\/shibasex.com\/index.php?rest_route=%2Fwp%2Fv2%2Fproduct_cat&post=2389"},{"taxonomy":"product_tag","embeddable":true,"href":"https:\/\/shibasex.com\/index.php?rest_route=%2Fwp%2Fv2%2Fproduct_tag&post=2389"}],"curies":[{"name":"wp","href":"https:\/\/api.w.org\/{rel}","templated":true}]}}