{"id":1540,"date":"2026-03-22T10:56:15","date_gmt":"2026-03-22T10:56:15","guid":{"rendered":"https:\/\/shivasex.site.geonovation.tech\/?product=climaximum-kit-rapture-vibratore-classico-plug-anale-per-principianti"},"modified":"2026-03-22T10:56:17","modified_gmt":"2026-03-22T10:56:17","slug":"climaximum-kit-rapture-vibratore-classico-plug-anale-per-principianti","status":"publish","type":"product","link":"https:\/\/shibasex.com\/?product=climaximum-kit-rapture-vibratore-classico-plug-anale-per-principianti","title":{"rendered":"CLIMAXIMUM &#8211; KIT RAPTURE VIBRATORE CLASSICO + PLUG ANALE PER PRINCIPIANTI"},"content":{"rendered":"<p>Goditi ore di divertimento con <strong>Miyana<\/strong> e <strong>Pharos<\/strong> , la combinazione perfetta per giocare in coppia ed eccellente per i principianti. Lascia che le vibrazioni fluiscano tra voi due e goditi la vicinanza.<\/p>\n<p> <strong>CARATTERISTICHE<\/strong> :<\/p>\n<ul>\n<li> 10 velocit\u00e0<\/li>\n<li> Punta affusolata per una stimolazione precisa<\/li>\n<li> Impermeabile IPX7<\/li>\n<li> Materiali: silicone \/ plastica ABS<\/li>\n<li> Batteria: batteria AAA + batteria ricaricabile agli ioni di litio &#8211; cavo USB + batterie incluse<\/li>\n<li> 3 ore di ricarica per un massimo di 3 ore di piacere<\/li>\n<li> Dimensioni del prodotto: 31 mm x 160 mm x 31 mm larghezza x altezza x profondit\u00e0<\/li>\n<li> Dimensioni del prodotto: 90 mm x 123 mm x 20 mm larghezza x altezza x profondit\u00e0<\/li>\n<li> Peso del prodotto: 180 g<\/li>\n<\/ul>\n<p> <u><strong>CLIMAXIMO<\/strong><\/u><\/p>\n<p> La collezione Climaximum si concentra su indulgenza, potenza e piacere. Progettati per chi cerca di pi\u00f9, questi giocattoli combinano un&#39;estetica seducente con sensazioni intense per portare le tue esperienze pi\u00f9 intime a nuovi livelli. Che tu stia cercando soddisfazione da solo o esplorando connessioni pi\u00f9 profonde con il tuo partner, Climaximum ha qualcosa per soddisfare tutti i tuoi desideri.<\/p>\n<ul>\n<li> Pi\u00f9 potenza, pi\u00f9 piacere: la collezione comprende giocattoli con fili e proiettili che emettono vibrazioni profonde e rimbombanti esattamente dove ne hai bisogno.<\/li>\n<li> Progettato per ogni esperienza: scopri una variet\u00e0 di divertenti kit per coppie o concediti un&#39;avventura da solo con potenti vibratori e stimolatori.<\/li>\n<li> Selezione versatile: goditi una combinazione di potenziatori delle prestazioni vaginali, clitoridei, anali e anelli per il pene, pensati per chi desidera provare ogni tipo di piacere.<\/li>\n<li> PX7 impermeabile e sicuro per il corpo: porta il tuo piacere ovunque, sapendo che ogni giocattolo \u00e8 realizzato con materiali di prima qualit\u00e0, progettati per la sicurezza e la soddisfazione.<\/li>\n<\/ul>\n","protected":false},"excerpt":{"rendered":"<p>Goditi ore di divertimento con Miyana e Pharos , la combinazione perfetta per giocare in coppia ed eccellente per i principianti. Lascia che le vibrazioni fluiscano tra voi due e goditi la vicinanza. CARATTERISTICHE : 10 velocit\u00e0 Punta affusolata per una stimolazione precisa Impermeabile IPX7 Materiali: silicone \/ plastica ABS Batteria: batteria AAA + batteria [&hellip;]<\/p>\n","protected":false},"featured_media":1539,"comment_status":"open","ping_status":"closed","template":"","meta":[],"product_brand":[],"product_cat":[73],"product_tag":[],"class_list":{"0":"post-1540","1":"product","2":"type-product","3":"status-publish","4":"has-post-thumbnail","6":"product_cat-kit-sex-toys","8":"first","9":"instock","10":"shipping-taxable","11":"purchasable","12":"product-type-simple"},"_cost_price":"","_links":{"self":[{"href":"https:\/\/shibasex.com\/index.php?rest_route=\/wp\/v2\/product\/1540","targetHints":{"allow":["GET"]}}],"collection":[{"href":"https:\/\/shibasex.com\/index.php?rest_route=\/wp\/v2\/product"}],"about":[{"href":"https:\/\/shibasex.com\/index.php?rest_route=\/wp\/v2\/types\/product"}],"replies":[{"embeddable":true,"href":"https:\/\/shibasex.com\/index.php?rest_route=%2Fwp%2Fv2%2Fcomments&post=1540"}],"wp:featuredmedia":[{"embeddable":true,"href":"https:\/\/shibasex.com\/index.php?rest_route=\/wp\/v2\/media\/1539"}],"wp:attachment":[{"href":"https:\/\/shibasex.com\/index.php?rest_route=%2Fwp%2Fv2%2Fmedia&parent=1540"}],"wp:term":[{"taxonomy":"product_brand","embeddable":true,"href":"https:\/\/shibasex.com\/index.php?rest_route=%2Fwp%2Fv2%2Fproduct_brand&post=1540"},{"taxonomy":"product_cat","embeddable":true,"href":"https:\/\/shibasex.com\/index.php?rest_route=%2Fwp%2Fv2%2Fproduct_cat&post=1540"},{"taxonomy":"product_tag","embeddable":true,"href":"https:\/\/shibasex.com\/index.php?rest_route=%2Fwp%2Fv2%2Fproduct_tag&post=1540"}],"curies":[{"name":"wp","href":"https:\/\/api.w.org\/{rel}","templated":true}]}}