{"id":1032,"date":"2026-03-22T10:45:29","date_gmt":"2026-03-22T10:45:29","guid":{"rendered":"https:\/\/shivasex.site.geonovation.tech\/?product=leg-avenue-set-top-tanga-liguero-esp"},"modified":"2026-03-22T10:45:31","modified_gmt":"2026-03-22T10:45:31","slug":"leg-avenue-set-top-tanga-liguero-esp","status":"publish","type":"product","link":"https:\/\/shibasex.com\/?product=leg-avenue-set-top-tanga-liguero-esp","title":{"rendered":"LEG AVENUE &#8211; SET TOP + TANGA + LIGUERO + ESP"},"content":{"rendered":"<p>Accendi la passione con il set composto da top a rete, perizoma e imbracatura, un audace look composto da 4 pezzi che unisce un giocoso bondage a una brillantezza abbagliante. La rete con lacci in lurex cattura magnificamente la luce, mentre spalline e polsini regolabili aggiungono un tocco provocante. Sexy, audace e perfetto per notti indimenticabili.<\/p>\n<p> <u><strong>Materiali e cura<\/strong><\/u><\/p>\n<ul>\n<li> Massimo 30 gradi con attenzione<\/li>\n<li> Non stirare<\/li>\n<li> Non candeggiare con cloro<\/li>\n<li> Non lavare a secco<\/li>\n<\/ul>\n<p> <u><strong>Leg Avenue<\/strong><\/u><\/p>\n<p> I pionieri della lingerie sexy, della calzetteria e dei costumi incredibili. Tutto ruota intorno a te! Sappiamo che ogni corpo \u00e8 unico e crediamo che tutte le donne debbano apparire e sentirsi fantastiche, indipendentemente dalla taglia o dalla forma. Ecco perch\u00e9 i nostri modelli sono sempre focalizzati sulla valorizzazione dei tuoi punti di forza. E lo diciamo sul serio quando parliamo di tessuti ultra morbidi e di elasticit\u00e0 di livello superiore. Comfort e stile? Assolutamente!<\/p>\n<p> Leg Avenue \u00e8 un luogo pieno di passione, divertimento e libert\u00e0 di espressione. Vogliamo che tu sia completamente te stessa, con un tocco di giocosit\u00e0 e tanta sicurezza. Scopri come la nostra lingerie, le nostre calze e i nostri costumi da bagno porteranno il tuo look a un livello superiore. Insieme, puntiamo al fantastico e dimostriamo che lo stile non ha taglia.<\/p>\n","protected":false},"excerpt":{"rendered":"<p>Accendi la passione con il set composto da top a rete, perizoma e imbracatura, un audace look composto da 4 pezzi che unisce un giocoso bondage a una brillantezza abbagliante. La rete con lacci in lurex cattura magnificamente la luce, mentre spalline e polsini regolabili aggiungono un tocco provocante. Sexy, audace e perfetto per notti [&hellip;]<\/p>\n","protected":false},"featured_media":1031,"comment_status":"open","ping_status":"closed","template":"","meta":[],"product_brand":[],"product_cat":[60],"product_tag":[],"class_list":{"0":"post-1032","1":"product","2":"type-product","3":"status-publish","4":"has-post-thumbnail","6":"product_cat-set-con-reggicalze","8":"first","9":"outofstock","10":"shipping-taxable","11":"product-type-variable"},"_cost_price":"","_links":{"self":[{"href":"https:\/\/shibasex.com\/index.php?rest_route=\/wp\/v2\/product\/1032","targetHints":{"allow":["GET"]}}],"collection":[{"href":"https:\/\/shibasex.com\/index.php?rest_route=\/wp\/v2\/product"}],"about":[{"href":"https:\/\/shibasex.com\/index.php?rest_route=\/wp\/v2\/types\/product"}],"replies":[{"embeddable":true,"href":"https:\/\/shibasex.com\/index.php?rest_route=%2Fwp%2Fv2%2Fcomments&post=1032"}],"wp:featuredmedia":[{"embeddable":true,"href":"https:\/\/shibasex.com\/index.php?rest_route=\/wp\/v2\/media\/1031"}],"wp:attachment":[{"href":"https:\/\/shibasex.com\/index.php?rest_route=%2Fwp%2Fv2%2Fmedia&parent=1032"}],"wp:term":[{"taxonomy":"product_brand","embeddable":true,"href":"https:\/\/shibasex.com\/index.php?rest_route=%2Fwp%2Fv2%2Fproduct_brand&post=1032"},{"taxonomy":"product_cat","embeddable":true,"href":"https:\/\/shibasex.com\/index.php?rest_route=%2Fwp%2Fv2%2Fproduct_cat&post=1032"},{"taxonomy":"product_tag","embeddable":true,"href":"https:\/\/shibasex.com\/index.php?rest_route=%2Fwp%2Fv2%2Fproduct_tag&post=1032"}],"curies":[{"name":"wp","href":"https:\/\/api.w.org\/{rel}","templated":true}]}}