{"id":1017,"date":"2026-03-22T10:45:22","date_gmt":"2026-03-22T10:45:22","guid":{"rendered":"https:\/\/shivasex.site.geonovation.tech\/?product=leg-avenue-mini-vestido-halter"},"modified":"2026-03-22T10:45:24","modified_gmt":"2026-03-22T10:45:24","slug":"leg-avenue-mini-vestido-halter","status":"publish","type":"product","link":"https:\/\/shibasex.com\/?product=leg-avenue-mini-vestido-halter","title":{"rendered":"LEG AVENUE &#8211; MINI VESTIDO HALTER"},"content":{"rendered":"<p>Dolce davanti, audace dietro: il mini abito a pois in rete e pizzo con scollo all&#39;americana stupisce da ogni angolazione. Sul davanti, i pois e i dettagli a cuore aggiungono un tocco romantico e civettuolo. Sul retro, l&#39;illusione del fiocco incrociato crea un effetto audace che accenna quel tanto che basta per accendere la scintilla. Affascinante, audace e perfetto per momenti di pura seduzione.<\/p>\n<p> <u><strong>Materiali e cura<\/strong><\/u><\/p>\n<ul>\n<li> Massimo 30 gradi con attenzione<\/li>\n<li> Non stirare<\/li>\n<li> Non candeggiare con cloro<\/li>\n<li> Non lavare a secco<\/li>\n<\/ul>\n<p> <u><strong>Leg Avenue<\/strong><\/u><\/p>\n<p> I pionieri della lingerie sexy, della calzetteria e dei costumi incredibili. Tutto ruota intorno a te! Sappiamo che ogni corpo \u00e8 unico e crediamo che tutte le donne debbano apparire e sentirsi fantastiche, indipendentemente dalla taglia o dalla forma. Ecco perch\u00e9 i nostri modelli sono sempre focalizzati sulla valorizzazione dei tuoi punti di forza. E lo diciamo sul serio quando parliamo di tessuti ultra morbidi e di elasticit\u00e0 di livello superiore. Comfort e stile? Assolutamente!<\/p>\n<p> Leg Avenue \u00e8 un luogo pieno di passione, divertimento e libert\u00e0 di espressione. Vogliamo che tu sia completamente te stessa, con un tocco di giocosit\u00e0 e tanta sicurezza. Scopri come la nostra lingerie, le nostre calze e i nostri costumi da bagno porteranno il tuo look a un livello superiore. Insieme, puntiamo al fantastico e dimostriamo che lo stile non ha taglia.<\/p>\n","protected":false},"excerpt":{"rendered":"<p>Dolce davanti, audace dietro: il mini abito a pois in rete e pizzo con scollo all&#39;americana stupisce da ogni angolazione. Sul davanti, i pois e i dettagli a cuore aggiungono un tocco romantico e civettuolo. Sul retro, l&#39;illusione del fiocco incrociato crea un effetto audace che accenna quel tanto che basta per accendere la scintilla. [&hellip;]<\/p>\n","protected":false},"featured_media":1016,"comment_status":"open","ping_status":"closed","template":"","meta":[],"product_brand":[],"product_cat":[61],"product_tag":[],"class_list":{"0":"post-1017","1":"product","2":"type-product","3":"status-publish","4":"has-post-thumbnail","6":"product_cat-abiti-sexy","8":"first","9":"outofstock","10":"shipping-taxable","11":"product-type-variable"},"_cost_price":"","_links":{"self":[{"href":"https:\/\/shibasex.com\/index.php?rest_route=\/wp\/v2\/product\/1017","targetHints":{"allow":["GET"]}}],"collection":[{"href":"https:\/\/shibasex.com\/index.php?rest_route=\/wp\/v2\/product"}],"about":[{"href":"https:\/\/shibasex.com\/index.php?rest_route=\/wp\/v2\/types\/product"}],"replies":[{"embeddable":true,"href":"https:\/\/shibasex.com\/index.php?rest_route=%2Fwp%2Fv2%2Fcomments&post=1017"}],"wp:featuredmedia":[{"embeddable":true,"href":"https:\/\/shibasex.com\/index.php?rest_route=\/wp\/v2\/media\/1016"}],"wp:attachment":[{"href":"https:\/\/shibasex.com\/index.php?rest_route=%2Fwp%2Fv2%2Fmedia&parent=1017"}],"wp:term":[{"taxonomy":"product_brand","embeddable":true,"href":"https:\/\/shibasex.com\/index.php?rest_route=%2Fwp%2Fv2%2Fproduct_brand&post=1017"},{"taxonomy":"product_cat","embeddable":true,"href":"https:\/\/shibasex.com\/index.php?rest_route=%2Fwp%2Fv2%2Fproduct_cat&post=1017"},{"taxonomy":"product_tag","embeddable":true,"href":"https:\/\/shibasex.com\/index.php?rest_route=%2Fwp%2Fv2%2Fproduct_tag&post=1017"}],"curies":[{"name":"wp","href":"https:\/\/api.w.org\/{rel}","templated":true}]}}